{"id":2418,"date":"2024-02-24T13:31:58","date_gmt":"2024-02-24T11:31:58","guid":{"rendered":"https:\/\/elenikamaratou.com\/%ce%b2%ce%b9%ce%bf%ce%b3%cf%81%ce%b1%cf%86%ce%b9%ce%ba%cf%8c\/"},"modified":"2025-06-23T13:18:15","modified_gmt":"2025-06-23T10:18:15","slug":"cv","status":"publish","type":"page","link":"https:\/\/elenikamaratou.com\/en\/cv\/","title":{"rendered":"BIO"},"content":{"rendered":"<p><div class=\"fusion-fullwidth fullwidth-box fusion-builder-row-1 fusion-flex-container has-pattern-background has-mask-background nonhundred-percent-fullwidth non-hundred-percent-height-scrolling\" style=\"--awb-border-radius-top-left:0px;--awb-border-radius-top-right:0px;--awb-border-radius-bottom-right:0px;--awb-border-radius-bottom-left:0px;--awb-padding-top:11vh;--awb-padding-bottom:0px;--awb-padding-top-medium:5vh;--awb-padding-bottom-medium:5vh;--awb-padding-top-small:54px;--awb-margin-bottom-small:-15px;--awb-background-color:var(--awb-color3);--awb-flex-wrap:wrap;\" ><div class=\"fusion-builder-row fusion-row fusion-flex-align-items-center fusion-flex-justify-content-center fusion-flex-content-wrap\" style=\"max-width:1323px;margin-left: calc(-5% \/ 2 );margin-right: calc(-5% \/ 2 );\"><div class=\"fusion-layout-column fusion_builder_column fusion-builder-column-0 fusion_builder_column_1_2 1_2 fusion-flex-column fusion-flex-align-self-center fusion-animated\" style=\"--awb-padding-top:20px;--awb-padding-right:20px;--awb-padding-bottom:20px;--awb-padding-left:20px;--awb-padding-top-medium:60px;--awb-padding-bottom-medium:0px;--awb-padding-top-small:0px;--awb-padding-bottom-small:0px;--awb-bg-size:cover;--awb-width-large:50%;--awb-margin-top-large:0px;--awb-spacing-right-large:30px;--awb-margin-bottom-large:0px;--awb-spacing-left-large:4.75%;--awb-width-medium:40%;--awb-order-medium:0;--awb-spacing-right-medium:30px;--awb-spacing-left-medium:5.9375%;--awb-width-small:100%;--awb-order-small:1;--awb-spacing-right-small:2.375%;--awb-margin-bottom-small:0px;--awb-spacing-left-small:2.375%;\" data-animationType=\"fadeInUp\" data-animationDuration=\"1.0\" data-animationOffset=\"top-into-view\"><div class=\"fusion-column-wrapper fusion-column-has-shadow fusion-flex-justify-content-flex-start fusion-content-layout-row\"><div class=\"fusion-title title fusion-title-1 fusion-sep-none fusion-title-text fusion-title-size-two\" style=\"--awb-text-color:var(--awb-color5);--awb-margin-bottom:30px;--awb-margin-top-small:40px;--awb-margin-right-small:0px;--awb-margin-bottom-small:20px;--awb-margin-left-small:0px;--awb-font-size:33px;\"><h2 class=\"fusion-title-heading title-heading-left fusion-responsive-typography-calculated\" style=\"margin:0;font-size:1em;--fontSize:33;--minFontSize:33;line-height:1;\">ABOUT<\/h2><\/div><div class=\"fusion-text fusion-text-1\" style=\"--awb-font-size:16px;--awb-text-transform:none;\"><p>Greek pianist and musicologist Eleni Kamaratou is currently a doctoral candidate at the Department of Music Studies, University of Ioannina. She holds degrees from Brooklyn College (May 2021, M.A. in Musicology), and from the College of Charleston (May 2019, B.A. in Piano Performance (studio of Ran Dank and Paul S\u00e1nchez), Music Theory\/Composition, and Music History).<br \/>\nShe was the recipient of many merit scholarships during her studies. Since 2018 Eleni has been under the tutelage of Robert Durso, master teacher of the Taubman approach and co-founder of the Golandsky Institute. Eleni is a certified Instructor of the Taubman Approach through the Golandsky Institute.<br \/>\nShe also holds an Artist Diploma in Performance, studying under Alexandra Papastefanou at Philippos Nakas Conservatory.<\/p>\n<\/div><div class=\"fusion-separator fusion-full-width-sep\" style=\"align-self: center;margin-left: auto;margin-right: auto;margin-bottom:20px;width:100%;\"><\/div><\/div><\/div><div class=\"fusion-layout-column fusion_builder_column fusion-builder-column-1 fusion_builder_column_1_2 1_2 fusion-flex-column\" style=\"--awb-overflow:hidden;--awb-bg-image:url(&#039;https:\/\/elenikamaratou.com\/wp-content\/uploads\/2024\/02\/094.jpg&#039;);--awb-bg-position:center top;--awb-bg-size:cover;--awb-box-shadow:0px 20px 80px 0px hsla(var(--awb-color2-h),var(--awb-color2-s),calc(var(--awb-color2-l) - 8%),calc(var(--awb-color2-a) - 50%));;--awb-border-radius:6px 6px 6px 80px;--awb-width-large:50%;--awb-margin-top-large:0px;--awb-spacing-right-large:4.75%;--awb-margin-bottom-large:0px;--awb-spacing-left-large:-20px;--awb-width-medium:50%;--awb-order-medium:0;--awb-spacing-right-medium:4.75%;--awb-spacing-left-medium:-20px;--awb-width-small:100%;--awb-order-small:0;--awb-spacing-right-small:2.375%;--awb-spacing-left-small:2.375%;\" data-scroll-devices=\"small-visibility,medium-visibility,large-visibility\"><div class=\"fusion-column-wrapper fusion-column-has-shadow fusion-flex-justify-content-flex-end fusion-content-layout-column fusion-empty-column-bg-image fusion-column-has-bg-image\" data-bg-url=\"https:\/\/elenikamaratou.com\/wp-content\/uploads\/2024\/02\/094.jpg\"><img decoding=\"async\" class=\"fusion-empty-dims-img-placeholder\" src=\"data:image\/svg+xml,%3Csvg%20xmlns%3D%27http%3A%2F%2Fwww.w3.org%2F2000%2Fsvg%27%20width%3D%27798%27%20height%3D%271200%27%20viewBox%3D%270%200%20798%201200%27%3E%3Crect%20width%3D%27798%27%20height%3D%271200%27%20fill-opacity%3D%220%22%2F%3E%3C%2Fsvg%3E\"><\/div><\/div><\/div><\/div><div class=\"fusion-fullwidth fullwidth-box fusion-builder-row-2 fusion-flex-container has-pattern-background has-mask-background nonhundred-percent-fullwidth non-hundred-percent-height-scrolling\" style=\"--awb-border-radius-top-left:0px;--awb-border-radius-top-right:0px;--awb-border-radius-bottom-right:0px;--awb-border-radius-bottom-left:0px;--awb-padding-top:11vh;--awb-padding-bottom:7vh;--awb-padding-top-medium:5vh;--awb-padding-bottom-medium:5vh;--awb-padding-top-small:0px;--awb-margin-top-small:-20px;--awb-margin-bottom-small:0px;--awb-background-color:var(--awb-color3);--awb-flex-wrap:wrap;\" ><div class=\"fusion-builder-row fusion-row fusion-flex-align-items-center fusion-flex-justify-content-center fusion-flex-content-wrap\" style=\"max-width:1323px;margin-left: calc(-5% \/ 2 );margin-right: calc(-5% \/ 2 );\"><div class=\"fusion-layout-column fusion_builder_column fusion-builder-column-2 fusion_builder_column_1_2 1_2 fusion-flex-column\" style=\"--awb-overflow:hidden;--awb-bg-image:url(&#039;https:\/\/elenikamaratou.com\/wp-content\/uploads\/2024\/02\/michael-maasen-bu-6kNWQj6U-unsplash.jpg&#039;);--awb-bg-position:center center;--awb-bg-size:cover;--awb-box-shadow:0px 20px 80px 0px hsla(var(--awb-color2-h),var(--awb-color2-s),calc(var(--awb-color2-l) - 8%),calc(var(--awb-color2-a) - 50%));;--awb-border-radius:6px 6px 6px 80px;--awb-width-large:50%;--awb-margin-top-large:0px;--awb-spacing-right-large:4.75%;--awb-margin-bottom-large:0px;--awb-spacing-left-large:-20px;--awb-width-medium:50%;--awb-order-medium:0;--awb-spacing-right-medium:4.75%;--awb-spacing-left-medium:-20px;--awb-width-small:100%;--awb-order-small:0;--awb-margin-top-small:-20;--awb-spacing-right-small:2.375%;--awb-spacing-left-small:2.375%;\" data-scroll-devices=\"small-visibility,medium-visibility,large-visibility\"><div class=\"fusion-column-wrapper fusion-column-has-shadow fusion-flex-justify-content-flex-end fusion-content-layout-column fusion-empty-column-bg-image fusion-column-has-bg-image\" data-bg-url=\"https:\/\/elenikamaratou.com\/wp-content\/uploads\/2024\/02\/michael-maasen-bu-6kNWQj6U-unsplash.jpg\"><img decoding=\"async\" class=\"fusion-empty-dims-img-placeholder\" src=\"data:image\/svg+xml,%3Csvg%20xmlns%3D%27http%3A%2F%2Fwww.w3.org%2F2000%2Fsvg%27%20width%3D%271200%27%20height%3D%27800%27%20viewBox%3D%270%200%201200%20800%27%3E%3Crect%20width%3D%271200%27%20height%3D%27800%27%20fill-opacity%3D%220%22%2F%3E%3C%2Fsvg%3E\"><\/div><\/div><div class=\"fusion-layout-column fusion_builder_column fusion-builder-column-3 fusion_builder_column_1_2 1_2 fusion-flex-column fusion-flex-align-self-center fusion-animated\" style=\"--awb-padding-top:20px;--awb-padding-right:20px;--awb-padding-bottom:20px;--awb-padding-left:20px;--awb-padding-top-medium:60px;--awb-padding-bottom-medium:0px;--awb-padding-top-small:0px;--awb-padding-bottom-small:0px;--awb-bg-size:cover;--awb-width-large:50%;--awb-margin-top-large:0px;--awb-spacing-right-large:30px;--awb-margin-bottom-large:0px;--awb-spacing-left-large:4.75%;--awb-width-medium:40%;--awb-order-medium:0;--awb-spacing-right-medium:30px;--awb-spacing-left-medium:5.9375%;--awb-width-small:100%;--awb-order-small:1;--awb-margin-top-small:25;--awb-spacing-right-small:2.375%;--awb-margin-bottom-small:0px;--awb-spacing-left-small:2.375%;\" data-animationType=\"fadeInUp\" data-animationDuration=\"1.0\" data-animationOffset=\"top-into-view\"><div class=\"fusion-column-wrapper fusion-column-has-shadow fusion-flex-justify-content-flex-start fusion-content-layout-row\"><div class=\"fusion-title title fusion-title-2 fusion-sep-none fusion-title-text fusion-title-size-two\" style=\"--awb-text-color:var(--awb-color5);--awb-margin-bottom:30px;--awb-margin-top-small:35px;--awb-margin-right-small:0px;--awb-margin-bottom-small:15px;--awb-margin-left-small:0px;--awb-font-size:33px;\"><h2 class=\"fusion-title-heading title-heading-left fusion-responsive-typography-calculated\" style=\"margin:0;font-size:1em;--fontSize:33;--minFontSize:33;line-height:1;\">Distinctions<\/h2><\/div><div class=\"fusion-text fusion-text-2\" style=\"--awb-font-size:16px;--awb-text-transform:none;\"><p>Eleni has performed in masterclasses taught by eminent pianists, such as Sergei Babayan, Alessio Bax, Barry Douglas, Marina Lomazov, Robert McDonald, James Tocco, Boris Berman, Vassilis Varvaresos, Tanya Gabrielian, Ay\u015fedeniz G\u00f6k\u00e7in, and others. She has frequently participated in summer music festivals in Europe and the United States, such as the Miami Music Festival piano institute, Piano Obidos international masterclasses, and Dakota Sky Piano Academy.<br \/>\nAs an undergraduate student she performed Edvard Grieg\u2019s Piano Concerto in A minor with the College of Charleston Orchestra at the Gaillard Center, conducted by Yuriy Bekker.<br \/>\nEleni is also interested in new music and has done the world premier of works by Yiorgos Vassilandonakis (Persistent Outliers, Archanes Piano Academy, 2014), and Manos Panayiotakis (Idol of Clytemnestra, Archanes Piano Academy, 2022). In addition to Greek and English, Eleni can also speak and teach in Italian and German. Since February 2025 she is a doctoral candidate at the Department of Music Studies, University of Ioannina. She currently teaches piano at Philippos Nakas Conservatory, in Greece.<\/p>\n<\/div><div class=\"fusion-separator fusion-full-width-sep\" style=\"align-self: center;margin-left: auto;margin-right: auto;margin-bottom:20px;width:100%;\"><\/div><\/div><\/div><\/div><\/div><div class=\"fusion-fullwidth fullwidth-box fusion-builder-row-3 fusion-flex-container has-pattern-background has-mask-background fusion-parallax-none nonhundred-percent-fullwidth non-hundred-percent-height-scrolling lazyload\" style=\"--awb-border-radius-top-left:0px;--awb-border-radius-top-right:0px;--awb-border-radius-bottom-right:0px;--awb-border-radius-bottom-left:0px;--awb-padding-top:7%;--awb-padding-right:0px;--awb-padding-bottom:7%;--awb-padding-left:0px;--awb-padding-top-medium:12vh;--awb-padding-bottom-medium:12vh;--awb-padding-top-small:10vh;--awb-padding-bottom-small:10vh;--awb-margin-bottom:0px;--awb-background-image:linear-gradient(180deg, hsla(var(--awb-color8-h),var(--awb-color8-s),calc( var(--awb-color8-l) + 15% ),calc( var(--awb-color8-a) - 85% )) 0%,hsla(var(--awb-color8-h),var(--awb-color8-s),calc( var(--awb-color8-l) + 15% ),calc( var(--awb-color8-a) - 85% )) 100%);;--awb-background-size:cover;--awb-flex-wrap:wrap;\" data-bg=\"https:\/\/elenikamaratou.com\/wp-content\/uploads\/2024\/02\/ebuen-clemente-jr-H5Iw3Xz0vxM-unsplash.jpg\" data-bg-gradient=\"linear-gradient(180deg, hsla(var(--awb-color8-h),var(--awb-color8-s),calc( var(--awb-color8-l) + 15% ),calc( var(--awb-color8-a) - 85% )) 0%,hsla(var(--awb-color8-h),var(--awb-color8-s),calc( var(--awb-color8-l) + 15% ),calc( var(--awb-color8-a) - 85% )) 100%)\" ><div class=\"fusion-builder-row fusion-row fusion-flex-align-items-stretch fusion-flex-justify-content-center fusion-flex-content-wrap\" style=\"max-width:calc( 1260px + 0px );margin-left: calc(-0px \/ 2 );margin-right: calc(-0px \/ 2 );\"><div class=\"fusion-layout-column fusion_builder_column fusion-builder-column-4 fusion_builder_column_2_3 2_3 fusion-flex-column\" style=\"--awb-padding-top:40px;--awb-padding-right:15px;--awb-padding-bottom:40px;--awb-padding-left:15px;--awb-padding-top-small:30px;--awb-padding-right-small:10px;--awb-padding-bottom-small:30px;--awb-padding-left-small:10px;--awb-bg-color:var(--awb-color3);--awb-bg-color-hover:var(--awb-color3);--awb-bg-size:cover;--awb-width-large:66.666666666667%;--awb-margin-top-large:0px;--awb-spacing-right-large:0px;--awb-margin-bottom-large:0px;--awb-spacing-left-large:0px;--awb-width-medium:50%;--awb-order-medium:0;--awb-spacing-right-medium:0px;--awb-spacing-left-medium:0px;--awb-width-small:100%;--awb-order-small:0;--awb-spacing-right-small:0px;--awb-spacing-left-small:0px;\" data-scroll-devices=\"small-visibility,medium-visibility,large-visibility\"><div class=\"fusion-column-wrapper fusion-column-has-shadow fusion-flex-justify-content-center fusion-content-layout-column\"><div class=\"fusion-text fusion-text-3\" style=\"--awb-content-alignment:center;--awb-font-size:30px;--awb-text-color:var(--awb-color5);\"><p>Contact<\/p>\n<\/div><div class=\"fusion-text fusion-text-4\" style=\"--awb-content-alignment:center;--awb-text-color:var(--awb-color5);\"><p style=\"text-align: center;\">Eleni Kamaratou teaches in the Athens area.<br \/>\nFor more information, please contact using the link below:<\/p>\n<\/div><div style=\"text-align:center;\"><a class=\"fusion-button button-flat fusion-button-default-size button-custom fusion-button-default button-1 fusion-button-default-span fusion-button-default-type\" style=\"--awb-margin-top:20px;--button_accent_color:var(--awb-color5);--button_accent_hover_color:var(--awb-color1);--button_border_hover_color:var(--awb-color1);--button_gradient_top_color:var(--awb-color2);--button_gradient_bottom_color:var(--awb-color2);--button_gradient_top_color_hover:var(--awb-color5);--button_gradient_bottom_color_hover:var(--awb-color5);\" target=\"_self\" href=\"https:\/\/elenikamaratou.com\/en\/contact\/\"><span class=\"fusion-button-text awb-button__text awb-button__text--default\">Contact<\/span><\/a><\/div><\/div><\/div><\/div><\/div>\n<\/p>\n","protected":false},"excerpt":{"rendered":"","protected":false},"author":1,"featured_media":0,"parent":0,"menu_order":0,"comment_status":"closed","ping_status":"closed","template":"100-width.php","meta":{"footnotes":""},"class_list":["post-2418","page","type-page","status-publish","hentry"],"yoast_head":"<!-- This site is optimized with the Yoast SEO plugin v27.4 - https:\/\/yoast.com\/product\/yoast-seo-wordpress\/ -->\n<title>BIO | \u0395\u03bb\u03ad\u03bd\u03b7 \u039a\u03b1\u03bc\u03b1\u03c1\u03ac\u03c4\u03bf\u03c5 | \u03a0\u03b9\u03ac\u03bd\u03bf<\/title>\n<meta name=\"robots\" content=\"index, follow, max-snippet:-1, max-image-preview:large, max-video-preview:-1\" \/>\n<link rel=\"canonical\" href=\"https:\/\/elenikamaratou.com\/en\/cv\/\" \/>\n<meta property=\"og:locale\" content=\"en_US\" \/>\n<meta property=\"og:type\" content=\"article\" \/>\n<meta property=\"og:title\" content=\"BIO | \u0395\u03bb\u03ad\u03bd\u03b7 \u039a\u03b1\u03bc\u03b1\u03c1\u03ac\u03c4\u03bf\u03c5 | \u03a0\u03b9\u03ac\u03bd\u03bf\" \/>\n<meta property=\"og:url\" content=\"https:\/\/elenikamaratou.com\/en\/cv\/\" \/>\n<meta property=\"og:site_name\" content=\"\u0395\u03bb\u03ad\u03bd\u03b7 \u039a\u03b1\u03bc\u03b1\u03c1\u03ac\u03c4\u03bf\u03c5 | \u03a0\u03b9\u03ac\u03bd\u03bf\" \/>\n<meta property=\"article:modified_time\" content=\"2025-06-23T10:18:15+00:00\" \/>\n<meta property=\"og:image\" content=\"https:\/\/elenikamaratou.com\/wp-content\/uploads\/2024\/02\/jordan-whitfield-BhfE1IgcsA8-unsplash.jpg\" \/>\n\t<meta property=\"og:image:width\" content=\"1200\" \/>\n\t<meta property=\"og:image:height\" content=\"800\" \/>\n\t<meta property=\"og:image:type\" content=\"image\/jpeg\" \/>\n<meta name=\"twitter:card\" content=\"summary_large_image\" \/>\n<meta name=\"twitter:label1\" content=\"Est. reading time\" \/>\n\t<meta name=\"twitter:data1\" content=\"3 minutes\" \/>\n<script type=\"application\/ld+json\" class=\"yoast-schema-graph\">{\"@context\":\"https:\\\/\\\/schema.org\",\"@graph\":[{\"@type\":\"WebPage\",\"@id\":\"https:\\\/\\\/elenikamaratou.com\\\/en\\\/cv\\\/\",\"url\":\"https:\\\/\\\/elenikamaratou.com\\\/en\\\/cv\\\/\",\"name\":\"BIO | \u0395\u03bb\u03ad\u03bd\u03b7 \u039a\u03b1\u03bc\u03b1\u03c1\u03ac\u03c4\u03bf\u03c5 | \u03a0\u03b9\u03ac\u03bd\u03bf\",\"isPartOf\":{\"@id\":\"https:\\\/\\\/elenikamaratou.com\\\/en\\\/#website\"},\"datePublished\":\"2024-02-24T11:31:58+00:00\",\"dateModified\":\"2025-06-23T10:18:15+00:00\",\"breadcrumb\":{\"@id\":\"https:\\\/\\\/elenikamaratou.com\\\/en\\\/cv\\\/#breadcrumb\"},\"inLanguage\":\"en-US\",\"potentialAction\":[{\"@type\":\"ReadAction\",\"target\":[\"https:\\\/\\\/elenikamaratou.com\\\/en\\\/cv\\\/\"]}]},{\"@type\":\"BreadcrumbList\",\"@id\":\"https:\\\/\\\/elenikamaratou.com\\\/en\\\/cv\\\/#breadcrumb\",\"itemListElement\":[{\"@type\":\"ListItem\",\"position\":1,\"name\":\"\u0391\u03c1\u03c7\u03b9\u03ba\u03ae\",\"item\":\"https:\\\/\\\/elenikamaratou.com\\\/en\\\/\"},{\"@type\":\"ListItem\",\"position\":2,\"name\":\"BIO\"}]},{\"@type\":\"WebSite\",\"@id\":\"https:\\\/\\\/elenikamaratou.com\\\/en\\\/#website\",\"url\":\"https:\\\/\\\/elenikamaratou.com\\\/en\\\/\",\"name\":\"\u0395\u03bb\u03ad\u03bd\u03b7 \u039a\u03b1\u03bc\u03b1\u03c1\u03ac\u03c4\u03bf\u03c5 | \u03a0\u03b9\u03ac\u03bd\u03bf\",\"description\":\"\",\"publisher\":{\"@id\":\"https:\\\/\\\/elenikamaratou.com\\\/en\\\/#organization\"},\"potentialAction\":[{\"@type\":\"SearchAction\",\"target\":{\"@type\":\"EntryPoint\",\"urlTemplate\":\"https:\\\/\\\/elenikamaratou.com\\\/en\\\/?s={search_term_string}\"},\"query-input\":{\"@type\":\"PropertyValueSpecification\",\"valueRequired\":true,\"valueName\":\"search_term_string\"}}],\"inLanguage\":\"en-US\"},{\"@type\":\"Organization\",\"@id\":\"https:\\\/\\\/elenikamaratou.com\\\/en\\\/#organization\",\"name\":\"\u0395\u03bb\u03ad\u03bd\u03b7 \u039a\u03b1\u03bc\u03b1\u03c1\u03ac\u03c4\u03bf\u03c5 | \u03a0\u03b9\u03ac\u03bd\u03bf\",\"url\":\"https:\\\/\\\/elenikamaratou.com\\\/en\\\/\",\"logo\":{\"@type\":\"ImageObject\",\"inLanguage\":\"en-US\",\"@id\":\"https:\\\/\\\/elenikamaratou.com\\\/en\\\/#\\\/schema\\\/logo\\\/image\\\/\",\"url\":\"https:\\\/\\\/elenikamaratou.com\\\/wp-content\\\/uploads\\\/2020\\\/07\\\/eleni-kamaratou-logo.jpg\",\"contentUrl\":\"https:\\\/\\\/elenikamaratou.com\\\/wp-content\\\/uploads\\\/2020\\\/07\\\/eleni-kamaratou-logo.jpg\",\"width\":700,\"height\":77,\"caption\":\"\u0395\u03bb\u03ad\u03bd\u03b7 \u039a\u03b1\u03bc\u03b1\u03c1\u03ac\u03c4\u03bf\u03c5 | \u03a0\u03b9\u03ac\u03bd\u03bf\"},\"image\":{\"@id\":\"https:\\\/\\\/elenikamaratou.com\\\/en\\\/#\\\/schema\\\/logo\\\/image\\\/\"}}]}<\/script>\n<!-- \/ Yoast SEO plugin. -->","yoast_head_json":{"title":"BIO | \u0395\u03bb\u03ad\u03bd\u03b7 \u039a\u03b1\u03bc\u03b1\u03c1\u03ac\u03c4\u03bf\u03c5 | \u03a0\u03b9\u03ac\u03bd\u03bf","robots":{"index":"index","follow":"follow","max-snippet":"max-snippet:-1","max-image-preview":"max-image-preview:large","max-video-preview":"max-video-preview:-1"},"canonical":"https:\/\/elenikamaratou.com\/en\/cv\/","og_locale":"en_US","og_type":"article","og_title":"BIO | \u0395\u03bb\u03ad\u03bd\u03b7 \u039a\u03b1\u03bc\u03b1\u03c1\u03ac\u03c4\u03bf\u03c5 | \u03a0\u03b9\u03ac\u03bd\u03bf","og_url":"https:\/\/elenikamaratou.com\/en\/cv\/","og_site_name":"\u0395\u03bb\u03ad\u03bd\u03b7 \u039a\u03b1\u03bc\u03b1\u03c1\u03ac\u03c4\u03bf\u03c5 | \u03a0\u03b9\u03ac\u03bd\u03bf","article_modified_time":"2025-06-23T10:18:15+00:00","og_image":[{"width":1200,"height":800,"url":"https:\/\/elenikamaratou.com\/wp-content\/uploads\/2024\/02\/jordan-whitfield-BhfE1IgcsA8-unsplash.jpg","type":"image\/jpeg"}],"twitter_card":"summary_large_image","twitter_misc":{"Est. reading time":"3 minutes"},"schema":{"@context":"https:\/\/schema.org","@graph":[{"@type":"WebPage","@id":"https:\/\/elenikamaratou.com\/en\/cv\/","url":"https:\/\/elenikamaratou.com\/en\/cv\/","name":"BIO | \u0395\u03bb\u03ad\u03bd\u03b7 \u039a\u03b1\u03bc\u03b1\u03c1\u03ac\u03c4\u03bf\u03c5 | \u03a0\u03b9\u03ac\u03bd\u03bf","isPartOf":{"@id":"https:\/\/elenikamaratou.com\/en\/#website"},"datePublished":"2024-02-24T11:31:58+00:00","dateModified":"2025-06-23T10:18:15+00:00","breadcrumb":{"@id":"https:\/\/elenikamaratou.com\/en\/cv\/#breadcrumb"},"inLanguage":"en-US","potentialAction":[{"@type":"ReadAction","target":["https:\/\/elenikamaratou.com\/en\/cv\/"]}]},{"@type":"BreadcrumbList","@id":"https:\/\/elenikamaratou.com\/en\/cv\/#breadcrumb","itemListElement":[{"@type":"ListItem","position":1,"name":"\u0391\u03c1\u03c7\u03b9\u03ba\u03ae","item":"https:\/\/elenikamaratou.com\/en\/"},{"@type":"ListItem","position":2,"name":"BIO"}]},{"@type":"WebSite","@id":"https:\/\/elenikamaratou.com\/en\/#website","url":"https:\/\/elenikamaratou.com\/en\/","name":"\u0395\u03bb\u03ad\u03bd\u03b7 \u039a\u03b1\u03bc\u03b1\u03c1\u03ac\u03c4\u03bf\u03c5 | \u03a0\u03b9\u03ac\u03bd\u03bf","description":"","publisher":{"@id":"https:\/\/elenikamaratou.com\/en\/#organization"},"potentialAction":[{"@type":"SearchAction","target":{"@type":"EntryPoint","urlTemplate":"https:\/\/elenikamaratou.com\/en\/?s={search_term_string}"},"query-input":{"@type":"PropertyValueSpecification","valueRequired":true,"valueName":"search_term_string"}}],"inLanguage":"en-US"},{"@type":"Organization","@id":"https:\/\/elenikamaratou.com\/en\/#organization","name":"\u0395\u03bb\u03ad\u03bd\u03b7 \u039a\u03b1\u03bc\u03b1\u03c1\u03ac\u03c4\u03bf\u03c5 | \u03a0\u03b9\u03ac\u03bd\u03bf","url":"https:\/\/elenikamaratou.com\/en\/","logo":{"@type":"ImageObject","inLanguage":"en-US","@id":"https:\/\/elenikamaratou.com\/en\/#\/schema\/logo\/image\/","url":"https:\/\/elenikamaratou.com\/wp-content\/uploads\/2020\/07\/eleni-kamaratou-logo.jpg","contentUrl":"https:\/\/elenikamaratou.com\/wp-content\/uploads\/2020\/07\/eleni-kamaratou-logo.jpg","width":700,"height":77,"caption":"\u0395\u03bb\u03ad\u03bd\u03b7 \u039a\u03b1\u03bc\u03b1\u03c1\u03ac\u03c4\u03bf\u03c5 | \u03a0\u03b9\u03ac\u03bd\u03bf"},"image":{"@id":"https:\/\/elenikamaratou.com\/en\/#\/schema\/logo\/image\/"}}]}},"_links":{"self":[{"href":"https:\/\/elenikamaratou.com\/en\/wp-json\/wp\/v2\/pages\/2418","targetHints":{"allow":["GET"]}}],"collection":[{"href":"https:\/\/elenikamaratou.com\/en\/wp-json\/wp\/v2\/pages"}],"about":[{"href":"https:\/\/elenikamaratou.com\/en\/wp-json\/wp\/v2\/types\/page"}],"author":[{"embeddable":true,"href":"https:\/\/elenikamaratou.com\/en\/wp-json\/wp\/v2\/users\/1"}],"replies":[{"embeddable":true,"href":"https:\/\/elenikamaratou.com\/en\/wp-json\/wp\/v2\/comments?post=2418"}],"version-history":[{"count":20,"href":"https:\/\/elenikamaratou.com\/en\/wp-json\/wp\/v2\/pages\/2418\/revisions"}],"predecessor-version":[{"id":2582,"href":"https:\/\/elenikamaratou.com\/en\/wp-json\/wp\/v2\/pages\/2418\/revisions\/2582"}],"wp:attachment":[{"href":"https:\/\/elenikamaratou.com\/en\/wp-json\/wp\/v2\/media?parent=2418"}],"curies":[{"name":"wp","href":"https:\/\/api.w.org\/{rel}","templated":true}]}}